{"id":3916,"date":"2024-06-19T09:56:42","date_gmt":"2024-06-19T07:56:42","guid":{"rendered":"https:\/\/sp3goldap.pl\/?page_id=3916"},"modified":"2024-06-20T08:47:35","modified_gmt":"2024-06-20T06:47:35","slug":"erasmus-mobilnosc-grecja-2024","status":"publish","type":"page","link":"https:\/\/sp3goldap.pl\/?page_id=3916","title":{"rendered":"Erasmus +mobilno\u015b\u0107  GRECJA 2024"},"content":{"rendered":"\n<p><\/p>\n\n\n\n<p>Lista osi\u0105gni\u0119\u0107<\/p>\n\n\n\n<p><a href=\"https:\/\/tiny.pl\/djlhm\">https:\/\/tiny.pl\/djlhm<\/a><\/p>\n\n\n\n<p>Karta zg\u0142oszenia<\/p>\n\n\n\n<p><a href=\"https:\/\/tiny.pl\/djkzq\">https:\/\/tiny.pl\/djkzq<\/a><\/p>\n\n\n\n<p class=\"has-text-align-center\"><strong>Projekt numer 2023-1-PL01-KA121-SCH-000120945 realizowany w ramach programu Erasmus+, sektor: Edukacja szkolna (SCH), Mobilno\u015b\u0107 uczni\u00f3w i kadry edukacji szkolnej KA121, dofinansowany przez Uni\u0119 Europejsk\u0105<\/strong><\/p>\n\n\n\n<figure class=\"wp-block-image size-large\"><img fetchpriority=\"high\" decoding=\"async\" width=\"724\" height=\"1024\" src=\"https:\/\/sp3goldap.pl\/wp-content\/uploads\/2024\/06\/dobra-na-fb-2-1-724x1024.png\" alt=\"\" class=\"wp-image-3917\" srcset=\"https:\/\/sp3goldap.pl\/wp-content\/uploads\/2024\/06\/dobra-na-fb-2-1-724x1024.png 724w, https:\/\/sp3goldap.pl\/wp-content\/uploads\/2024\/06\/dobra-na-fb-2-1-212x300.png 212w, https:\/\/sp3goldap.pl\/wp-content\/uploads\/2024\/06\/dobra-na-fb-2-1-768x1086.png 768w, https:\/\/sp3goldap.pl\/wp-content\/uploads\/2024\/06\/dobra-na-fb-2-1-1086x1536.png 1086w, https:\/\/sp3goldap.pl\/wp-content\/uploads\/2024\/06\/dobra-na-fb-2-1.png 1414w\" sizes=\"(max-width: 724px) 100vw, 724px\" \/><\/figure>\n","protected":false},"excerpt":{"rendered":"<p>Lista osi\u0105gni\u0119\u0107 https:\/\/tiny.pl\/djlhm Karta zg\u0142oszenia https:\/\/tiny.pl\/djkzq Projekt numer 2023-1-PL01-KA121-SCH-000120945 realizowany w ramach programu Erasmus+, sektor: Edukacja szkolna (SCH), Mobilno\u015b\u0107 uczni\u00f3w i kadry edukacji szkolnej KA121, dofinansowany przez Uni\u0119 Europejsk\u0105<\/p>\n","protected":false},"author":2,"featured_media":0,"parent":0,"menu_order":0,"comment_status":"closed","ping_status":"closed","template":"","meta":{"ngg_post_thumbnail":0,"footnotes":""},"class_list":["post-3916","page","type-page","status-publish","hentry"],"_links":{"self":[{"href":"https:\/\/sp3goldap.pl\/index.php?rest_route=\/wp\/v2\/pages\/3916","targetHints":{"allow":["GET"]}}],"collection":[{"href":"https:\/\/sp3goldap.pl\/index.php?rest_route=\/wp\/v2\/pages"}],"about":[{"href":"https:\/\/sp3goldap.pl\/index.php?rest_route=\/wp\/v2\/types\/page"}],"author":[{"embeddable":true,"href":"https:\/\/sp3goldap.pl\/index.php?rest_route=\/wp\/v2\/users\/2"}],"replies":[{"embeddable":true,"href":"https:\/\/sp3goldap.pl\/index.php?rest_route=%2Fwp%2Fv2%2Fcomments&post=3916"}],"version-history":[{"count":2,"href":"https:\/\/sp3goldap.pl\/index.php?rest_route=\/wp\/v2\/pages\/3916\/revisions"}],"predecessor-version":[{"id":3922,"href":"https:\/\/sp3goldap.pl\/index.php?rest_route=\/wp\/v2\/pages\/3916\/revisions\/3922"}],"wp:attachment":[{"href":"https:\/\/sp3goldap.pl\/index.php?rest_route=%2Fwp%2Fv2%2Fmedia&parent=3916"}],"curies":[{"name":"wp","href":"https:\/\/api.w.org\/{rel}","templated":true}]}}